{"id":39350,"date":"2021-09-21T13:37:03","date_gmt":"2021-09-21T12:37:03","guid":{"rendered":"https:\/\/fridaundfred.at\/paedagoginnen-newsletter\/"},"modified":"2021-10-01T14:12:07","modified_gmt":"2021-10-01T13:12:07","slug":"paedagoginnen-newsletter","status":"publish","type":"page","link":"https:\/\/fridaundfred.at\/en\/paedagoginnen-newsletter\/","title":{"rendered":"P\u00e4dagog:innen Newsletter"},"content":{"rendered":"<div id='full_slider_1'  class='avia-fullwidth-slider main_color avia-shadow   avia-builder-el-0  el_before_av_slideshow_full  avia-builder-el-first  desktop-activation  container_wrap fullsize'  >\n<style type=\"text\/css\" data-created_by=\"avia_inline_auto\" id=\"style-css-av-8tqc3f0-cb2c05b43a9dec1cf3169be94485697d\">\n#top #wrap_all .avia-slideshow .av-slideshow-caption.av-8tqc3f0-cb2c05b43a9dec1cf3169be94485697d__0 .avia-caption-title{\ncolor:#ffffff;\n}\n#top .avia-slideshow .av-slideshow-caption.av-8tqc3f0-cb2c05b43a9dec1cf3169be94485697d__0 .avia-caption-content{\ncolor:#ffffff;\n}\n<\/style>\n<div  class='avia-slideshow av-8tqc3f0-cb2c05b43a9dec1cf3169be94485697d avia-slideshow-no scaling av_slideshow_full avia-fade-slider desktop-activation av-slideshow-ui av-control-hidden av-no-slider-navigation av-hide-nav-arrows av-slideshow-manual av-loop-once av-loop-manual-endless av-default-height-applied   avia-slideshow-1' data-slideshow-options=\"{&quot;animation&quot;:&quot;fade&quot;,&quot;autoplay&quot;:false,&quot;loop_autoplay&quot;:&quot;once&quot;,&quot;interval&quot;:5,&quot;loop_manual&quot;:&quot;manual-endless&quot;,&quot;autoplay_stopper&quot;:false,&quot;noNavigation&quot;:true,&quot;bg_slider&quot;:false,&quot;keep_padding&quot;:false,&quot;hoverpause&quot;:false,&quot;show_slide_delay&quot;:0}\"  itemprop=\"image\" itemscope=\"itemscope\" itemtype=\"https:\/\/schema.org\/ImageObject\" ><ul class='avia-slideshow-inner ' style='padding-bottom: 22.395833333333%;'><li  class='avia-slideshow-slide av-8tqc3f0-cb2c05b43a9dec1cf3169be94485697d__0  av-single-slide slide-1 slide-odd'><div data-rel='slideshow-1' class='avia-slide-wrap '   ><div class='av-slideshow-caption av-8tqc3f0-cb2c05b43a9dec1cf3169be94485697d__0 caption_fullwidth caption_bottom caption_bottom_framed caption_framed'><div class=\"container caption_container\"><div class=\"slideshow_caption\"><div class=\"slideshow_inner_caption\"><div class=\"slideshow_align_caption\"><h2 class='avia-caption-title '  itemprop=\"name\" >Newsletter<\/h2><\/div><\/div><\/div><\/div><\/div><img decoding=\"async\" fetchpriority=\"high\" class=\"wp-image-39622 avia-img-lazy-loading-not-39622\"  src=\"https:\/\/fridaundfred.at\/wp-content\/uploads\/PaedagoginnenNewsletter_Header.jpg.jpg\" width=\"1920\" height=\"430\" title='Photocase 2662015' alt=''  itemprop=\"thumbnailUrl\" srcset=\"https:\/\/fridaundfred.at\/wp-content\/uploads\/PaedagoginnenNewsletter_Header.jpg.jpg 1920w, https:\/\/fridaundfred.at\/wp-content\/uploads\/PaedagoginnenNewsletter_Header.jpg-500x112.jpg 500w, https:\/\/fridaundfred.at\/wp-content\/uploads\/PaedagoginnenNewsletter_Header.jpg-1030x231.jpg 1030w, https:\/\/fridaundfred.at\/wp-content\/uploads\/PaedagoginnenNewsletter_Header.jpg-1536x344.jpg 1536w, https:\/\/fridaundfred.at\/wp-content\/uploads\/PaedagoginnenNewsletter_Header.jpg-1500x336.jpg 1500w, https:\/\/fridaundfred.at\/wp-content\/uploads\/PaedagoginnenNewsletter_Header.jpg-705x158.jpg 705w\" sizes=\"(max-width: 1920px) 100vw, 1920px\" \/><\/div><\/li><\/ul><\/div><\/div>\n<div id='full_slider_2'  class='avia-fullwidth-slider main_color avia-shadow   avia-builder-el-1  el_after_av_slideshow_full  el_before_av_section  mobile-activation  slider-not-first container_wrap fullsize'  >\n<style type=\"text\/css\" data-created_by=\"avia_inline_auto\" id=\"style-css-av-7wf6xws-141defe433d3766625d13a6bc88e4708\">\n#top #wrap_all .avia-slideshow .av-slideshow-caption.av-7wf6xws-141defe433d3766625d13a6bc88e4708__0 .avia-caption-title{\ncolor:#ffffff;\n}\n#top .avia-slideshow .av-slideshow-caption.av-7wf6xws-141defe433d3766625d13a6bc88e4708__0 .avia-caption-content{\ncolor:#ffffff;\n}\n<\/style>\n<div  class='avia-slideshow av-7wf6xws-141defe433d3766625d13a6bc88e4708 avia-slideshow-no scaling av_slideshow_full avia-fade-slider mobile-activation av-slideshow-ui av-control-hidden av-no-slider-navigation av-hide-nav-arrows av-slideshow-manual av-loop-once av-loop-manual-endless av-default-height-applied   avia-slideshow-2' data-slideshow-options=\"{&quot;animation&quot;:&quot;fade&quot;,&quot;autoplay&quot;:false,&quot;loop_autoplay&quot;:&quot;once&quot;,&quot;interval&quot;:5,&quot;loop_manual&quot;:&quot;manual-endless&quot;,&quot;autoplay_stopper&quot;:false,&quot;noNavigation&quot;:true,&quot;bg_slider&quot;:false,&quot;keep_padding&quot;:false,&quot;hoverpause&quot;:false,&quot;show_slide_delay&quot;:0}\"  itemprop=\"image\" itemscope=\"itemscope\" itemtype=\"https:\/\/schema.org\/ImageObject\" ><ul class='avia-slideshow-inner ' style='padding-bottom: 41.747572815534%;'><li  class='avia-slideshow-slide av-7wf6xws-141defe433d3766625d13a6bc88e4708__0  av-single-slide slide-1 slide-odd'><div data-rel='slideshow-2' class='avia-slide-wrap '   ><div class='av-slideshow-caption av-7wf6xws-141defe433d3766625d13a6bc88e4708__0 caption_fullwidth caption_bottom caption_bottom_framed caption_framed'><div class=\"container caption_container\"><div class=\"slideshow_caption\"><div class=\"slideshow_inner_caption\"><div class=\"slideshow_align_caption\"><h1 class='avia-caption-title '  itemprop=\"name\" >Newsletter<\/h1><\/div><\/div><\/div><\/div><\/div><img decoding=\"async\" fetchpriority=\"high\" class=\"wp-image-39624 avia-img-lazy-loading-not-39624\"  src=\"https:\/\/fridaundfred.at\/wp-content\/uploads\/PaedagoginnenNewsletter_Header_Mobile-1.jpg\" width=\"1030\" height=\"430\" title='Photocase 2662015' alt=''  itemprop=\"thumbnailUrl\" srcset=\"https:\/\/fridaundfred.at\/wp-content\/uploads\/PaedagoginnenNewsletter_Header_Mobile-1.jpg 1030w, https:\/\/fridaundfred.at\/wp-content\/uploads\/PaedagoginnenNewsletter_Header_Mobile-1-500x209.jpg 500w, https:\/\/fridaundfred.at\/wp-content\/uploads\/PaedagoginnenNewsletter_Header_Mobile-1-705x294.jpg 705w\" sizes=\"(max-width: 1030px) 100vw, 1030px\" \/><\/div><\/li><\/ul><\/div><\/div>\n<div id='newsletter-area'  class='avia-section av-6yeg5e4-84a1d49d534260c0cadb9db1cdc170cf main_color avia-section-large avia-shadow  avia-builder-el-2  el_after_av_slideshow_full  avia-builder-el-last  avia-bg-style-scroll container_wrap fullsize'  ><div class='container av-section-cont-open' ><div class='template-page content  av-content-full alpha units'><div class='post-entry post-entry-type-page post-entry-39350'><div class='entry-content-wrapper clearfix'>\n\n<style type=\"text\/css\" data-created_by=\"avia_inline_auto\" id=\"style-css-av-ku80xbnv-0ce4af59a3b4836e25d93c2c2533ec95\">\n#top .av-special-heading.av-ku80xbnv-0ce4af59a3b4836e25d93c2c2533ec95{\npadding-bottom:10px;\n}\nbody .av-special-heading.av-ku80xbnv-0ce4af59a3b4836e25d93c2c2533ec95 .av-special-heading-tag .heading-char{\nfont-size:25px;\n}\n.av-special-heading.av-ku80xbnv-0ce4af59a3b4836e25d93c2c2533ec95 .av-subheading{\nfont-size:15px;\n}\n<\/style>\n<div  class='av-special-heading av-ku80xbnv-0ce4af59a3b4836e25d93c2c2533ec95 av-special-heading-h3  avia-builder-el-3  el_before_av_one_full  avia-builder-el-first '><h3 class='av-special-heading-tag '  itemprop=\"headline\"  >Newsletter for educators<\/h3><div class=\"special-heading-border\"><div class=\"special-heading-inner-border\"><\/div><\/div><\/div>\n\n<style type=\"text\/css\" data-created_by=\"avia_inline_auto\" id=\"style-css-av-6hxvezw-c557a57482712d88dddac22dd3c968a8\">\n#top .flex_column.av-6hxvezw-c557a57482712d88dddac22dd3c968a8{\nmargin-top:0px;\nmargin-bottom:0px;\n}\n.flex_column.av-6hxvezw-c557a57482712d88dddac22dd3c968a8{\nborder-radius:0px 0px 0px 0px;\npadding:0px 0px 0px 0px;\n}\n.responsive #top #wrap_all .flex_column.av-6hxvezw-c557a57482712d88dddac22dd3c968a8{\nmargin-top:0px;\nmargin-bottom:0px;\n}\n<\/style>\n<div  class='flex_column av-6hxvezw-c557a57482712d88dddac22dd3c968a8 av_one_full  avia-builder-el-4  el_after_av_heading  avia-builder-el-last  first flex_column_div av-zero-column-padding  '     ><p><section  class='av_textblock_section av-kmak7xdn-dcf6f1ca06aad43ee08ce4b2146a3bfd '   itemscope=\"itemscope\" itemtype=\"https:\/\/schema.org\/CreativeWork\" ><div class='avia_textblock'  itemprop=\"text\" ><p>You are an educator and would like to receive specific information about group visits and our educational programmes? Then sign up for our <strong>educators&#8217; newslette<\/strong>r!<\/p>\n<p>Once you have signed up, you will receive information about our exhibitions, the laboratory and our additional programmes and events (e.g. educators&#8217; days and guided tours) about <strong>five times a year<\/strong>.<\/p>\n<\/div><\/section><br \/>\n<\/p><\/div>\n\n","protected":false},"excerpt":{"rendered":"","protected":false},"author":1,"featured_media":0,"parent":0,"menu_order":0,"comment_status":"closed","ping_status":"closed","template":"","meta":{"footnotes":""},"class_list":["post-39350","page","type-page","status-publish","hentry"],"yoast_head":"<!-- This site is optimized with the Yoast SEO plugin v27.4 - https:\/\/yoast.com\/product\/yoast-seo-wordpress\/ -->\n<title>P\u00e4dagog:innen Newsletter - FRida &amp; freD<\/title>\n<meta name=\"description\" content=\"Der Newsletter aus dem Grazer Kindermuseum speziell f\u00fcr P\u00e4dagoginnen und P\u00e4dagogen. Abonniere jetzt und verpasse keine Neuigkeiten mehr!\" \/>\n<meta name=\"robots\" content=\"index, follow, max-snippet:-1, max-image-preview:large, max-video-preview:-1\" \/>\n<link rel=\"canonical\" href=\"https:\/\/fridaundfred.at\/en\/paedagoginnen-newsletter\/\" \/>\n<meta property=\"og:locale\" content=\"en_US\" \/>\n<meta property=\"og:type\" content=\"article\" \/>\n<meta property=\"og:title\" content=\"P\u00e4dagog:innen Newsletter - FRida &amp; freD\" \/>\n<meta property=\"og:description\" content=\"Der Newsletter aus dem Grazer Kindermuseum speziell f\u00fcr P\u00e4dagoginnen und P\u00e4dagogen. Abonniere jetzt und verpasse keine Neuigkeiten mehr!\" \/>\n<meta property=\"og:url\" content=\"https:\/\/fridaundfred.at\/en\/paedagoginnen-newsletter\/\" \/>\n<meta property=\"og:site_name\" content=\"FRida &amp; freD\" \/>\n<meta property=\"article:modified_time\" content=\"2021-10-01T13:12:07+00:00\" \/>\n<meta name=\"twitter:card\" content=\"summary_large_image\" \/>\n<meta name=\"twitter:label1\" content=\"Est. reading time\" \/>\n\t<meta name=\"twitter:data1\" content=\"4 minutes\" \/>\n<script type=\"application\/ld+json\" class=\"yoast-schema-graph\">{\"@context\":\"https:\\\/\\\/schema.org\",\"@graph\":[{\"@type\":\"WebPage\",\"@id\":\"https:\\\/\\\/fridaundfred.at\\\/en\\\/paedagoginnen-newsletter\\\/\",\"url\":\"https:\\\/\\\/fridaundfred.at\\\/en\\\/paedagoginnen-newsletter\\\/\",\"name\":\"P\u00e4dagog:innen Newsletter - FRida &amp; freD\",\"isPartOf\":{\"@id\":\"https:\\\/\\\/fridaundfred.at\\\/#website\"},\"datePublished\":\"2021-09-21T12:37:03+00:00\",\"dateModified\":\"2021-10-01T13:12:07+00:00\",\"description\":\"Der Newsletter aus dem Grazer Kindermuseum speziell f\u00fcr P\u00e4dagoginnen und P\u00e4dagogen. Abonniere jetzt und verpasse keine Neuigkeiten mehr!\",\"breadcrumb\":{\"@id\":\"https:\\\/\\\/fridaundfred.at\\\/en\\\/paedagoginnen-newsletter\\\/#breadcrumb\"},\"inLanguage\":\"en-US\",\"potentialAction\":[{\"@type\":\"ReadAction\",\"target\":[\"https:\\\/\\\/fridaundfred.at\\\/en\\\/paedagoginnen-newsletter\\\/\"]}]},{\"@type\":\"BreadcrumbList\",\"@id\":\"https:\\\/\\\/fridaundfred.at\\\/en\\\/paedagoginnen-newsletter\\\/#breadcrumb\",\"itemListElement\":[{\"@type\":\"ListItem\",\"position\":1,\"name\":\"Startseite\",\"item\":\"https:\\\/\\\/fridaundfred.at\\\/en\\\/home\\\/\"},{\"@type\":\"ListItem\",\"position\":2,\"name\":\"P\u00e4dagog:innen Newsletter\"}]},{\"@type\":\"WebSite\",\"@id\":\"https:\\\/\\\/fridaundfred.at\\\/#website\",\"url\":\"https:\\\/\\\/fridaundfred.at\\\/\",\"name\":\"FRida &amp; freD\",\"description\":\"Das Grazer Kindermuseum\",\"potentialAction\":[{\"@type\":\"SearchAction\",\"target\":{\"@type\":\"EntryPoint\",\"urlTemplate\":\"https:\\\/\\\/fridaundfred.at\\\/?s={search_term_string}\"},\"query-input\":{\"@type\":\"PropertyValueSpecification\",\"valueRequired\":true,\"valueName\":\"search_term_string\"}}],\"inLanguage\":\"en-US\"}]}<\/script>\n<!-- \/ Yoast SEO plugin. -->","yoast_head_json":{"title":"P\u00e4dagog:innen Newsletter - FRida &amp; freD","description":"Der Newsletter aus dem Grazer Kindermuseum speziell f\u00fcr P\u00e4dagoginnen und P\u00e4dagogen. Abonniere jetzt und verpasse keine Neuigkeiten mehr!","robots":{"index":"index","follow":"follow","max-snippet":"max-snippet:-1","max-image-preview":"max-image-preview:large","max-video-preview":"max-video-preview:-1"},"canonical":"https:\/\/fridaundfred.at\/en\/paedagoginnen-newsletter\/","og_locale":"en_US","og_type":"article","og_title":"P\u00e4dagog:innen Newsletter - FRida &amp; freD","og_description":"Der Newsletter aus dem Grazer Kindermuseum speziell f\u00fcr P\u00e4dagoginnen und P\u00e4dagogen. Abonniere jetzt und verpasse keine Neuigkeiten mehr!","og_url":"https:\/\/fridaundfred.at\/en\/paedagoginnen-newsletter\/","og_site_name":"FRida &amp; freD","article_modified_time":"2021-10-01T13:12:07+00:00","twitter_card":"summary_large_image","twitter_misc":{"Est. reading time":"4 minutes"},"schema":{"@context":"https:\/\/schema.org","@graph":[{"@type":"WebPage","@id":"https:\/\/fridaundfred.at\/en\/paedagoginnen-newsletter\/","url":"https:\/\/fridaundfred.at\/en\/paedagoginnen-newsletter\/","name":"P\u00e4dagog:innen Newsletter - FRida &amp; freD","isPartOf":{"@id":"https:\/\/fridaundfred.at\/#website"},"datePublished":"2021-09-21T12:37:03+00:00","dateModified":"2021-10-01T13:12:07+00:00","description":"Der Newsletter aus dem Grazer Kindermuseum speziell f\u00fcr P\u00e4dagoginnen und P\u00e4dagogen. Abonniere jetzt und verpasse keine Neuigkeiten mehr!","breadcrumb":{"@id":"https:\/\/fridaundfred.at\/en\/paedagoginnen-newsletter\/#breadcrumb"},"inLanguage":"en-US","potentialAction":[{"@type":"ReadAction","target":["https:\/\/fridaundfred.at\/en\/paedagoginnen-newsletter\/"]}]},{"@type":"BreadcrumbList","@id":"https:\/\/fridaundfred.at\/en\/paedagoginnen-newsletter\/#breadcrumb","itemListElement":[{"@type":"ListItem","position":1,"name":"Startseite","item":"https:\/\/fridaundfred.at\/en\/home\/"},{"@type":"ListItem","position":2,"name":"P\u00e4dagog:innen Newsletter"}]},{"@type":"WebSite","@id":"https:\/\/fridaundfred.at\/#website","url":"https:\/\/fridaundfred.at\/","name":"FRida &amp; freD","description":"Das Grazer Kindermuseum","potentialAction":[{"@type":"SearchAction","target":{"@type":"EntryPoint","urlTemplate":"https:\/\/fridaundfred.at\/?s={search_term_string}"},"query-input":{"@type":"PropertyValueSpecification","valueRequired":true,"valueName":"search_term_string"}}],"inLanguage":"en-US"}]}},"_links":{"self":[{"href":"https:\/\/fridaundfred.at\/en\/wp-json\/wp\/v2\/pages\/39350","targetHints":{"allow":["GET"]}}],"collection":[{"href":"https:\/\/fridaundfred.at\/en\/wp-json\/wp\/v2\/pages"}],"about":[{"href":"https:\/\/fridaundfred.at\/en\/wp-json\/wp\/v2\/types\/page"}],"author":[{"embeddable":true,"href":"https:\/\/fridaundfred.at\/en\/wp-json\/wp\/v2\/users\/1"}],"replies":[{"embeddable":true,"href":"https:\/\/fridaundfred.at\/en\/wp-json\/wp\/v2\/comments?post=39350"}],"version-history":[{"count":0,"href":"https:\/\/fridaundfred.at\/en\/wp-json\/wp\/v2\/pages\/39350\/revisions"}],"wp:attachment":[{"href":"https:\/\/fridaundfred.at\/en\/wp-json\/wp\/v2\/media?parent=39350"}],"curies":[{"name":"wp","href":"https:\/\/api.w.org\/{rel}","templated":true}]}}